{"id":448,"date":"2024-07-25T12:38:17","date_gmt":"2024-07-25T12:38:17","guid":{"rendered":"https:\/\/renatopenzes.hu\/?page_id=448"},"modified":"2026-03-10T18:47:38","modified_gmt":"2026-03-10T18:47:38","slug":"reviews","status":"publish","type":"page","link":"https:\/\/renatopenzes.hu\/en\/velemenyek\/","title":{"rendered":"Reviews"},"content":{"rendered":"<div data-elementor-type=\"wp-page\" data-elementor-id=\"448\" class=\"elementor elementor-448\" data-elementor-post-type=\"page\">\n\t\t\t\t<div class=\"elementor-element elementor-element-eed2aba e-flex e-con-boxed e-con e-parent\" data-id=\"eed2aba\" data-element_type=\"container\" data-settings=\"{&quot;jet_parallax_layout_list&quot;:[]}\">\n\t\t\t\t\t<div class=\"e-con-inner\">\n\t\t\t\t<div class=\"elementor-element elementor-element-ccc640d elementor-invisible elementor-widget elementor-widget-heading\" data-id=\"ccc640d\" data-element_type=\"widget\" data-settings=\"{&quot;_animation&quot;:&quot;fadeInUp&quot;}\" data-widget_type=\"heading.default\">\n\t\t\t\t<div class=\"elementor-widget-container\">\n\t\t\t\t\t<h1 class=\"elementor-heading-title elementor-size-default\">ABOUT WORKING TOGETHER<\/h1>\t\t\t\t<\/div>\n\t\t\t\t<\/div>\n\t\t<div class=\"elementor-element elementor-element-b1a33b2 e-con-full e-flex e-con e-child\" data-id=\"b1a33b2\" data-element_type=\"container\" data-settings=\"{&quot;jet_parallax_layout_list&quot;:[]}\">\n\t\t\t\t<div class=\"elementor-element elementor-element-3c1c208 animated-slow elementor-invisible elementor-widget elementor-widget-text-editor\" data-id=\"3c1c208\" data-element_type=\"widget\" data-settings=\"{&quot;_animation&quot;:&quot;fadeInUp&quot;,&quot;_animation_delay&quot;:150}\" data-widget_type=\"text-editor.default\">\n\t\t\t\t<div class=\"elementor-widget-container\">\n\t\t\t\t\t\t\t\t\tRead what the people I've captured the most beautiful moments of my life have said about me.\t\t\t\t\t\t\t\t<\/div>\n\t\t\t\t<\/div>\n\t\t\t\t<\/div>\n\t\t\t\t\t<\/div>\n\t\t\t\t<\/div>\n\t\t<div class=\"elementor-element elementor-element-d21e680 e-flex e-con-boxed e-con e-parent\" data-id=\"d21e680\" data-element_type=\"container\" data-settings=\"{&quot;jet_parallax_layout_list&quot;:[]}\">\n\t\t\t\t\t<div class=\"e-con-inner\">\n\t\t<div class=\"elementor-element elementor-element-90e0d63 e-con-full e-flex e-con e-child\" data-id=\"90e0d63\" data-element_type=\"container\" data-settings=\"{&quot;jet_parallax_layout_list&quot;:[]}\">\n\t\t\t\t<div class=\"elementor-element elementor-element-a75a7de elementor-widget elementor-widget-image\" data-id=\"a75a7de\" data-element_type=\"widget\" data-widget_type=\"image.default\">\n\t\t\t\t<div class=\"elementor-widget-container\">\n\t\t\t\t\t\t\t\t\t\t\t\t\t\t\t<img fetchpriority=\"high\" decoding=\"async\" width=\"1123\" height=\"1536\" src=\"https:\/\/renatopenzes.hu\/wp-content\/uploads\/2026\/02\/Fanni-x-Istvan-1123x1536.webp\" class=\"attachment-1536x1536 size-1536x1536 wp-image-2132\" alt=\"fanni x istv\u00e1n\" srcset=\"https:\/\/renatopenzes.hu\/wp-content\/uploads\/2026\/02\/Fanni-x-Istvan-1123x1536.webp 1123w, https:\/\/renatopenzes.hu\/wp-content\/uploads\/2026\/02\/Fanni-x-Istvan-219x300.webp 219w, https:\/\/renatopenzes.hu\/wp-content\/uploads\/2026\/02\/Fanni-x-Istvan-749x1024.webp 749w, https:\/\/renatopenzes.hu\/wp-content\/uploads\/2026\/02\/Fanni-x-Istvan-768x1050.webp 768w, https:\/\/renatopenzes.hu\/wp-content\/uploads\/2026\/02\/Fanni-x-Istvan-1498x2048.webp 1498w, https:\/\/renatopenzes.hu\/wp-content\/uploads\/2026\/02\/Fanni-x-Istvan-scaled.webp 1872w\" sizes=\"(max-width: 1123px) 100vw, 1123px\" \/>\t\t\t\t\t\t\t\t\t\t\t\t\t\t\t<\/div>\n\t\t\t\t<\/div>\n\t\t\t\t<\/div>\n\t\t<div class=\"elementor-element elementor-element-e29cd98 e-con-full e-flex elementor-invisible e-con e-child\" data-id=\"e29cd98\" data-element_type=\"container\" data-settings=\"{&quot;jet_parallax_layout_list&quot;:[],&quot;background_background&quot;:&quot;classic&quot;,&quot;animation&quot;:&quot;fadeInUp&quot;,&quot;animation_delay&quot;:800}\">\n\t\t\t\t<div class=\"elementor-element elementor-element-f4ce108 elementor-widget elementor-widget-testimonial\" data-id=\"f4ce108\" data-element_type=\"widget\" data-widget_type=\"testimonial.default\">\n\t\t\t\t<div class=\"elementor-widget-container\">\n\t\t\t\t\t\t\t<div class=\"elementor-testimonial-wrapper\">\n\t\t\t\t\t\t\t<div class=\"elementor-testimonial-content\">\"From the very first moment, Renato and I found common ground very easily. She was precise, confident, yet guided the shoot in an infinitely natural way, so we never felt self-conscious. The whole process was smooth and fun, and the end result was simply amazing - we love the pictures, they exceeded all our expectations.\"<\/div>\n\t\t\t\n\t\t\t\t\t\t<div class=\"elementor-testimonial-meta\">\n\t\t\t\t<div class=\"elementor-testimonial-meta-inner\">\n\t\t\t\t\t\n\t\t\t\t\t\t\t\t\t\t<div class=\"elementor-testimonial-details\">\n\t\t\t\t\t\t\t\t\t\t\t\t\t\t<div class=\"elementor-testimonial-name\">\u23af Fanni &amp; Istv\u00e1n <\/div>\n\t\t\t\t\t\t\t\t\t\t\t\t\t\t\t\t\t\t\t<\/div>\n\t\t\t\t\t\t\t\t\t<\/div>\n\t\t\t<\/div>\n\t\t\t\t\t<\/div>\n\t\t\t\t\t\t<\/div>\n\t\t\t\t<\/div>\n\t\t\t\t<\/div>\n\t\t\t\t\t<\/div>\n\t\t\t\t<\/div>\n\t\t<div class=\"elementor-element elementor-element-8b05826 e-flex e-con-boxed e-con e-parent\" data-id=\"8b05826\" data-element_type=\"container\" data-settings=\"{&quot;jet_parallax_layout_list&quot;:[]}\">\n\t\t\t\t\t<div class=\"e-con-inner\">\n\t\t<div class=\"elementor-element elementor-element-ad2c333 e-con-full e-flex e-con e-child\" data-id=\"ad2c333\" data-element_type=\"container\" data-settings=\"{&quot;jet_parallax_layout_list&quot;:[],&quot;background_background&quot;:&quot;classic&quot;}\">\n\t\t\t\t<div class=\"elementor-element elementor-element-d6752d0 elementor-widget elementor-widget-testimonial\" data-id=\"d6752d0\" data-element_type=\"widget\" data-widget_type=\"testimonial.default\">\n\t\t\t\t<div class=\"elementor-widget-container\">\n\t\t\t\t\t\t\t<div class=\"elementor-testimonial-wrapper\">\n\t\t\t\t\t\t\t<div class=\"elementor-testimonial-content\">\"Renato is not only professional, but also very couple- and people-oriented: she found a very good balance between natural snapshots and instructed photos, while being open to our ideas. We are happy to recommend him to others, even for anniversary or engagement shoots.\nA particular plus is that she communicates well in English, making her an ideal choice for international couples.\"<\/div>\n\t\t\t\n\t\t\t\t\t\t<div class=\"elementor-testimonial-meta\">\n\t\t\t\t<div class=\"elementor-testimonial-meta-inner\">\n\t\t\t\t\t\n\t\t\t\t\t\t\t\t\t\t<div class=\"elementor-testimonial-details\">\n\t\t\t\t\t\t\t\t\t\t\t\t\t\t<div class=\"elementor-testimonial-name\">\u23af Lia &amp; Marci<\/div>\n\t\t\t\t\t\t\t\t\t\t\t\t\t\t\t\t\t\t\t<\/div>\n\t\t\t\t\t\t\t\t\t<\/div>\n\t\t\t<\/div>\n\t\t\t\t\t<\/div>\n\t\t\t\t\t\t<\/div>\n\t\t\t\t<\/div>\n\t\t\t\t<\/div>\n\t\t<div class=\"elementor-element elementor-element-a3249c5 e-con-full e-flex e-con e-child\" data-id=\"a3249c5\" data-element_type=\"container\" data-settings=\"{&quot;jet_parallax_layout_list&quot;:[]}\">\n\t\t\t\t<div class=\"elementor-element elementor-element-90d8857 elementor-widget elementor-widget-image\" data-id=\"90d8857\" data-element_type=\"widget\" data-widget_type=\"image.default\">\n\t\t\t\t<div class=\"elementor-widget-container\">\n\t\t\t\t\t\t\t\t\t\t\t\t\t\t\t<img decoding=\"async\" width=\"2560\" height=\"1707\" src=\"https:\/\/renatopenzes.hu\/wp-content\/uploads\/2026\/01\/DSC02498-scaled.jpg\" class=\"attachment-full size-full wp-image-1900\" alt=\"dsc02498\" srcset=\"https:\/\/renatopenzes.hu\/wp-content\/uploads\/2026\/01\/DSC02498-scaled.jpg 2560w, https:\/\/renatopenzes.hu\/wp-content\/uploads\/2026\/01\/DSC02498-300x200.jpg 300w, https:\/\/renatopenzes.hu\/wp-content\/uploads\/2026\/01\/DSC02498-1024x683.jpg 1024w, https:\/\/renatopenzes.hu\/wp-content\/uploads\/2026\/01\/DSC02498-768x512.jpg 768w, https:\/\/renatopenzes.hu\/wp-content\/uploads\/2026\/01\/DSC02498-1536x1024.jpg 1536w, https:\/\/renatopenzes.hu\/wp-content\/uploads\/2026\/01\/DSC02498-2048x1365.jpg 2048w\" sizes=\"(max-width: 2560px) 100vw, 2560px\" \/>\t\t\t\t\t\t\t\t\t\t\t\t\t\t\t<\/div>\n\t\t\t\t<\/div>\n\t\t\t\t<\/div>\n\t\t\t\t\t<\/div>\n\t\t\t\t<\/div>\n\t\t<div class=\"elementor-element elementor-element-ab98bb6 e-flex e-con-boxed e-con e-parent\" data-id=\"ab98bb6\" data-element_type=\"container\" data-settings=\"{&quot;jet_parallax_layout_list&quot;:[]}\">\n\t\t\t\t\t<div class=\"e-con-inner\">\n\t\t<div class=\"elementor-element elementor-element-3c1fd2a e-con-full e-flex e-con e-child\" data-id=\"3c1fd2a\" data-element_type=\"container\" data-settings=\"{&quot;jet_parallax_layout_list&quot;:[]}\">\n\t\t\t\t<div class=\"elementor-element elementor-element-d140973 elementor-widget elementor-widget-image\" data-id=\"d140973\" data-element_type=\"widget\" data-widget_type=\"image.default\">\n\t\t\t\t<div class=\"elementor-widget-container\">\n\t\t\t\t\t\t\t\t\t\t\t\t\t\t\t<img decoding=\"async\" width=\"980\" height=\"1536\" src=\"https:\/\/renatopenzes.hu\/wp-content\/uploads\/2026\/02\/Lili-x-Dani1-1-980x1536.jpg\" class=\"attachment-1536x1536 size-1536x1536 wp-image-2125\" alt=\"lili x dani1 (1)\" srcset=\"https:\/\/renatopenzes.hu\/wp-content\/uploads\/2026\/02\/Lili-x-Dani1-1-980x1536.jpg 980w, https:\/\/renatopenzes.hu\/wp-content\/uploads\/2026\/02\/Lili-x-Dani1-1-191x300.jpg 191w, https:\/\/renatopenzes.hu\/wp-content\/uploads\/2026\/02\/Lili-x-Dani1-1-653x1024.jpg 653w, https:\/\/renatopenzes.hu\/wp-content\/uploads\/2026\/02\/Lili-x-Dani1-1-768x1204.jpg 768w, https:\/\/renatopenzes.hu\/wp-content\/uploads\/2026\/02\/Lili-x-Dani1-1-1306x2048.jpg 1306w, https:\/\/renatopenzes.hu\/wp-content\/uploads\/2026\/02\/Lili-x-Dani1-1-scaled.jpg 1633w\" sizes=\"(max-width: 980px) 100vw, 980px\" \/>\t\t\t\t\t\t\t\t\t\t\t\t\t\t\t<\/div>\n\t\t\t\t<\/div>\n\t\t\t\t<\/div>\n\t\t<div class=\"elementor-element elementor-element-e6146ff e-con-full e-flex elementor-invisible e-con e-child\" data-id=\"e6146ff\" data-element_type=\"container\" data-settings=\"{&quot;jet_parallax_layout_list&quot;:[],&quot;background_background&quot;:&quot;classic&quot;,&quot;animation&quot;:&quot;fadeInUp&quot;,&quot;animation_delay&quot;:800}\">\n\t\t\t\t<div class=\"elementor-element elementor-element-e466b81 elementor-widget elementor-widget-testimonial\" data-id=\"e466b81\" data-element_type=\"widget\" data-widget_type=\"testimonial.default\">\n\t\t\t\t<div class=\"elementor-widget-container\">\n\t\t\t\t\t\t\t<div class=\"elementor-testimonial-wrapper\">\n\t\t\t\t\t\t\t<div class=\"elementor-testimonial-content\">\"Our wedding day with Renato was an incredible experience!\nWhoever saw the pictures, the first thing they said was \"wow, that photographer was professional\"\nHowever, the fact that the pictures turned out more than perfect is only part of the value we received from Renato.\nHis endless attention and dedication throughout the day, the many smiles and moments we shared with him, his humour and positivity made the feeling of \"<i>he was our photographer<\/i>\".\nIt was one of the best decisions of our wedding to ask Renato to do the job, we can only recommend him to everyone!\"<\/div>\n\t\t\t\n\t\t\t\t\t\t<div class=\"elementor-testimonial-meta\">\n\t\t\t\t<div class=\"elementor-testimonial-meta-inner\">\n\t\t\t\t\t\n\t\t\t\t\t\t\t\t\t\t<div class=\"elementor-testimonial-details\">\n\t\t\t\t\t\t\t\t\t\t\t\t\t\t<div class=\"elementor-testimonial-name\">\u23af Lili &amp; Dani <\/div>\n\t\t\t\t\t\t\t\t\t\t\t\t\t\t\t\t\t\t\t<\/div>\n\t\t\t\t\t\t\t\t\t<\/div>\n\t\t\t<\/div>\n\t\t\t\t\t<\/div>\n\t\t\t\t\t\t<\/div>\n\t\t\t\t<\/div>\n\t\t\t\t<\/div>\n\t\t\t\t\t<\/div>\n\t\t\t\t<\/div>\n\t\t<div class=\"elementor-element elementor-element-d6e6a38 e-flex e-con-boxed e-con e-parent\" data-id=\"d6e6a38\" data-element_type=\"container\" data-settings=\"{&quot;jet_parallax_layout_list&quot;:[]}\">\n\t\t\t\t\t<div class=\"e-con-inner\">\n\t\t<div class=\"elementor-element elementor-element-5820f86 e-con-full e-flex e-con e-child\" data-id=\"5820f86\" data-element_type=\"container\" data-settings=\"{&quot;jet_parallax_layout_list&quot;:[],&quot;background_background&quot;:&quot;classic&quot;}\">\n\t\t\t\t<div class=\"elementor-element elementor-element-a96a9bc elementor-widget elementor-widget-testimonial\" data-id=\"a96a9bc\" data-element_type=\"widget\" data-widget_type=\"testimonial.default\">\n\t\t\t\t<div class=\"elementor-widget-container\">\n\t\t\t\t\t\t\t<div class=\"elementor-testimonial-wrapper\">\n\t\t\t\t\t\t\t<div class=\"elementor-testimonial-content\">\"Renato was our first service provider for our wedding, and we knew for sure that if it broke, if it broke, we would choose him.\nAnd it was no different. We picked a date, it wasn't right for him, so we chose another.\nStylistically, we were already in total agreement based on her references and I was impressed with her professionalism, her ideas and the way she captured the most beautiful moments for us in a way that brought back all the emotion and energy from the images.\nHis flexibility allowed him to travel to our 4 day wedding abroad and photograph\/videotape each day.\nWe would recommend her to anyone, anytime!\"<\/div>\n\t\t\t\n\t\t\t\t\t\t<div class=\"elementor-testimonial-meta\">\n\t\t\t\t<div class=\"elementor-testimonial-meta-inner\">\n\t\t\t\t\t\n\t\t\t\t\t\t\t\t\t\t<div class=\"elementor-testimonial-details\">\n\t\t\t\t\t\t\t\t\t\t\t\t\t\t<div class=\"elementor-testimonial-name\">\u23af Viki &amp; B\u00e1lint<\/div>\n\t\t\t\t\t\t\t\t\t\t\t\t\t\t\t\t\t\t\t<\/div>\n\t\t\t\t\t\t\t\t\t<\/div>\n\t\t\t<\/div>\n\t\t\t\t\t<\/div>\n\t\t\t\t\t\t<\/div>\n\t\t\t\t<\/div>\n\t\t\t\t<\/div>\n\t\t<div class=\"elementor-element elementor-element-cce3f6b e-con-full e-flex e-con e-child\" data-id=\"cce3f6b\" data-element_type=\"container\" data-settings=\"{&quot;jet_parallax_layout_list&quot;:[]}\">\n\t\t\t\t<div class=\"elementor-element elementor-element-8b66ba4 elementor-widget elementor-widget-image\" data-id=\"8b66ba4\" data-element_type=\"widget\" data-widget_type=\"image.default\">\n\t\t\t\t<div class=\"elementor-widget-container\">\n\t\t\t\t\t\t\t\t\t\t\t\t\t\t\t<img loading=\"lazy\" decoding=\"async\" width=\"1024\" height=\"1536\" src=\"https:\/\/renatopenzes.hu\/wp-content\/uploads\/2026\/02\/Viki-x-Balint-1-1024x1536.jpg\" class=\"attachment-1536x1536 size-1536x1536 wp-image-2131\" alt=\"viki x b\u00e1lint (1)\" srcset=\"https:\/\/renatopenzes.hu\/wp-content\/uploads\/2026\/02\/Viki-x-Balint-1-1024x1536.jpg 1024w, https:\/\/renatopenzes.hu\/wp-content\/uploads\/2026\/02\/Viki-x-Balint-1-200x300.jpg 200w, https:\/\/renatopenzes.hu\/wp-content\/uploads\/2026\/02\/Viki-x-Balint-1-683x1024.jpg 683w, https:\/\/renatopenzes.hu\/wp-content\/uploads\/2026\/02\/Viki-x-Balint-1-768x1152.jpg 768w, https:\/\/renatopenzes.hu\/wp-content\/uploads\/2026\/02\/Viki-x-Balint-1-1365x2048.jpg 1365w, https:\/\/renatopenzes.hu\/wp-content\/uploads\/2026\/02\/Viki-x-Balint-1-scaled.jpg 1707w\" sizes=\"(max-width: 1024px) 100vw, 1024px\" \/>\t\t\t\t\t\t\t\t\t\t\t\t\t\t\t<\/div>\n\t\t\t\t<\/div>\n\t\t\t\t<\/div>\n\t\t\t\t\t<\/div>\n\t\t\t\t<\/div>\n\t\t<div class=\"elementor-element elementor-element-a4e21f8 e-flex e-con-boxed e-con e-parent\" data-id=\"a4e21f8\" data-element_type=\"container\" data-settings=\"{&quot;jet_parallax_layout_list&quot;:[]}\">\n\t\t\t\t\t<div class=\"e-con-inner\">\n\t\t<div class=\"elementor-element elementor-element-bff0d4d e-con-full e-flex e-con e-child\" data-id=\"bff0d4d\" data-element_type=\"container\" data-settings=\"{&quot;jet_parallax_layout_list&quot;:[]}\">\n\t\t\t\t<div class=\"elementor-element elementor-element-0cfc902 animated-slow elementor-invisible elementor-widget elementor-widget-image\" data-id=\"0cfc902\" data-element_type=\"widget\" data-settings=\"{&quot;_animation&quot;:&quot;fadeIn&quot;,&quot;_animation_delay&quot;:600}\" data-widget_type=\"image.default\">\n\t\t\t\t<div class=\"elementor-widget-container\">\n\t\t\t\t\t\t\t\t\t\t\t\t\t\t\t<img loading=\"lazy\" decoding=\"async\" width=\"1024\" height=\"1536\" src=\"https:\/\/renatopenzes.hu\/wp-content\/uploads\/2026\/02\/Patricia-x-Peti-1-1024x1536.jpg\" class=\"attachment-1536x1536 size-1536x1536 wp-image-2133\" alt=\"patr\u00edcia x peti (1)\" srcset=\"https:\/\/renatopenzes.hu\/wp-content\/uploads\/2026\/02\/Patricia-x-Peti-1-1024x1536.jpg 1024w, https:\/\/renatopenzes.hu\/wp-content\/uploads\/2026\/02\/Patricia-x-Peti-1-200x300.jpg 200w, https:\/\/renatopenzes.hu\/wp-content\/uploads\/2026\/02\/Patricia-x-Peti-1-683x1024.jpg 683w, https:\/\/renatopenzes.hu\/wp-content\/uploads\/2026\/02\/Patricia-x-Peti-1-768x1152.jpg 768w, https:\/\/renatopenzes.hu\/wp-content\/uploads\/2026\/02\/Patricia-x-Peti-1-1365x2048.jpg 1365w, https:\/\/renatopenzes.hu\/wp-content\/uploads\/2026\/02\/Patricia-x-Peti-1-scaled.jpg 1707w\" sizes=\"(max-width: 1024px) 100vw, 1024px\" \/>\t\t\t\t\t\t\t\t\t\t\t\t\t\t\t<\/div>\n\t\t\t\t<\/div>\n\t\t\t\t<\/div>\n\t\t<div class=\"elementor-element elementor-element-1f89df5 e-con-full e-flex elementor-invisible e-con e-child\" data-id=\"1f89df5\" data-element_type=\"container\" data-settings=\"{&quot;jet_parallax_layout_list&quot;:[],&quot;background_background&quot;:&quot;classic&quot;,&quot;animation&quot;:&quot;fadeInUp&quot;,&quot;animation_delay&quot;:800}\">\n\t\t\t\t<div class=\"elementor-element elementor-element-8ac75b3 elementor-widget elementor-widget-testimonial\" data-id=\"8ac75b3\" data-element_type=\"widget\" data-widget_type=\"testimonial.default\">\n\t\t\t\t<div class=\"elementor-widget-container\">\n\t\t\t\t\t\t\t<div class=\"elementor-testimonial-wrapper\">\n\t\t\t\t\t\t\t<div class=\"elementor-testimonial-content\">\"Renato captured the moments of our wedding and we couldn't have found a better one! We loved not only his work, but his personality as well. He was always very conscious and creative behind the camera, humorous and creative in every situation and brought out the best not only in himself but in us as well. Knowing his style, we never had a moment of doubt, but the end result was beyond our expectations. We heartily recommend him to anyone who wants to have a picture of wonder.\"<\/div>\n\t\t\t\n\t\t\t\t\t\t<div class=\"elementor-testimonial-meta\">\n\t\t\t\t<div class=\"elementor-testimonial-meta-inner\">\n\t\t\t\t\t\n\t\t\t\t\t\t\t\t\t\t<div class=\"elementor-testimonial-details\">\n\t\t\t\t\t\t\t\t\t\t\t\t\t\t<div class=\"elementor-testimonial-name\">\u23af Patr\u00edcia &amp; Peti<\/div>\n\t\t\t\t\t\t\t\t\t\t\t\t\t\t\t\t\t\t\t<\/div>\n\t\t\t\t\t\t\t\t\t<\/div>\n\t\t\t<\/div>\n\t\t\t\t\t<\/div>\n\t\t\t\t\t\t<\/div>\n\t\t\t\t<\/div>\n\t\t\t\t<\/div>\n\t\t\t\t\t<\/div>\n\t\t\t\t<\/div>\n\t\t<div class=\"elementor-element elementor-element-c0668ef e-flex e-con-boxed e-con e-parent\" data-id=\"c0668ef\" data-element_type=\"container\" data-settings=\"{&quot;jet_parallax_layout_list&quot;:[]}\">\n\t\t\t\t\t<div class=\"e-con-inner\">\n\t\t<div class=\"elementor-element elementor-element-5608442 e-con-full e-flex e-con e-child\" data-id=\"5608442\" data-element_type=\"container\" data-settings=\"{&quot;jet_parallax_layout_list&quot;:[],&quot;background_background&quot;:&quot;classic&quot;}\">\n\t\t\t\t<div class=\"elementor-element elementor-element-93f030b elementor-widget elementor-widget-testimonial\" data-id=\"93f030b\" data-element_type=\"widget\" data-widget_type=\"testimonial.default\">\n\t\t\t\t<div class=\"elementor-widget-container\">\n\t\t\t\t\t\t\t<div class=\"elementor-testimonial-wrapper\">\n\t\t\t\t\t\t\t<div class=\"elementor-testimonial-content\">\"A few weeks ago Renato took our engagement photos.\nWe didn't know what to expect, and we were a bit afraid of him, as neither of us like to be photographed.\nBut the photo session was very fun, we could relax in his company. Renato is funny, professional and passionate about his work!\nThe pictures are really artistic, very well done. Thank you again for these everlasting memories!\"<\/div>\n\t\t\t\n\t\t\t\t\t\t<div class=\"elementor-testimonial-meta\">\n\t\t\t\t<div class=\"elementor-testimonial-meta-inner\">\n\t\t\t\t\t\n\t\t\t\t\t\t\t\t\t\t<div class=\"elementor-testimonial-details\">\n\t\t\t\t\t\t\t\t\t\t\t\t\t\t<div class=\"elementor-testimonial-name\">\u23af Alexandra &amp; Oliver<\/div>\n\t\t\t\t\t\t\t\t\t\t\t\t\t\t\t\t\t\t\t<\/div>\n\t\t\t\t\t\t\t\t\t<\/div>\n\t\t\t<\/div>\n\t\t\t\t\t<\/div>\n\t\t\t\t\t\t<\/div>\n\t\t\t\t<\/div>\n\t\t\t\t<\/div>\n\t\t<div class=\"elementor-element elementor-element-0f7517d e-con-full e-flex e-con e-child\" data-id=\"0f7517d\" data-element_type=\"container\" data-settings=\"{&quot;jet_parallax_layout_list&quot;:[]}\">\n\t\t\t\t<div class=\"elementor-element elementor-element-372a15c animated-slow elementor-invisible elementor-widget elementor-widget-image\" data-id=\"372a15c\" data-element_type=\"widget\" data-settings=\"{&quot;_animation&quot;:&quot;fadeIn&quot;,&quot;_animation_delay&quot;:600}\" data-widget_type=\"image.default\">\n\t\t\t\t<div class=\"elementor-widget-container\">\n\t\t\t\t\t\t\t\t\t\t\t\t\t\t\t<img loading=\"lazy\" decoding=\"async\" width=\"800\" height=\"800\" src=\"https:\/\/renatopenzes.hu\/wp-content\/uploads\/2024\/08\/DSC09217-\u2013-nagy-min-1024x1024.jpeg\" class=\"attachment-large size-large wp-image-998\" alt=\"dsc09217 - high min\" srcset=\"https:\/\/renatopenzes.hu\/wp-content\/uploads\/2024\/08\/DSC09217-\u2013-nagy-min-1024x1024.jpeg 1024w, https:\/\/renatopenzes.hu\/wp-content\/uploads\/2024\/08\/DSC09217-\u2013-nagy-min-300x300.jpeg 300w, https:\/\/renatopenzes.hu\/wp-content\/uploads\/2024\/08\/DSC09217-\u2013-nagy-min-150x150.jpeg 150w, https:\/\/renatopenzes.hu\/wp-content\/uploads\/2024\/08\/DSC09217-\u2013-nagy-min-768x768.jpeg 768w, https:\/\/renatopenzes.hu\/wp-content\/uploads\/2024\/08\/DSC09217-\u2013-nagy-min.jpeg 1280w\" sizes=\"(max-width: 800px) 100vw, 800px\" \/>\t\t\t\t\t\t\t\t\t\t\t\t\t\t\t<\/div>\n\t\t\t\t<\/div>\n\t\t\t\t<\/div>\n\t\t\t\t\t<\/div>\n\t\t\t\t<\/div>\n\t\t\t\t<\/div>","protected":false},"excerpt":{"rendered":"<p>A K\u00d6Z\u00d6S MUNK\u00c1R\u00d3L Olvasd el, mit mondtak r\u00f3lam azok, akiknek meg\u00f6r\u00f6k\u00edthettem a legszebb pillanatait. &#8222;Ren\u00e1t\u00f3val m\u00e1r az els\u0151 pillanatt\u00f3l kezdve nagyon k\u00f6nnyen megtal\u00e1ltuk a k\u00f6z\u00f6s hangot. Prec\u00edz, magabiztos, k\u00f6zben m\u00e9gis v\u00e9gtelen\u00fcl term\u00e9szetes m\u00f3don ir\u00e1ny\u00edtotta a fot\u00f3z\u00e1st, \u00edgy egy pillanatig sem \u00e9rezt\u00fck magunkat fesz\u00e9lyezve. Az eg\u00e9sz folyamat g\u00f6rd\u00fcl\u00e9keny \u00e9s j\u00f3 hangulat\u00fa volt, a v\u00e9geredm\u00e9ny pedig egyszer\u0171en [&hellip;]<\/p>\n","protected":false},"author":1,"featured_media":0,"parent":0,"menu_order":0,"comment_status":"closed","ping_status":"closed","template":"","meta":{"_seopress_robots_primary_cat":"","_seopress_titles_title":"R\u00f3lam mondt\u00e1k %%sep%% P\u00e9nzes Ren\u00e1t\u00f3 esk\u00fcv\u0151i fot\u00f3s","_seopress_titles_desc":"Olvasd el mit mondtak azokat, akiknek meg\u00f6r\u00f6k\u00edthettem a legszebb napjukat.","_seopress_robots_index":"","footnotes":""},"folder":[],"class_list":["post-448","page","type-page","status-publish","hentry"],"_links":{"self":[{"href":"https:\/\/renatopenzes.hu\/en\/wp-json\/wp\/v2\/pages\/448","targetHints":{"allow":["GET"]}}],"collection":[{"href":"https:\/\/renatopenzes.hu\/en\/wp-json\/wp\/v2\/pages"}],"about":[{"href":"https:\/\/renatopenzes.hu\/en\/wp-json\/wp\/v2\/types\/page"}],"author":[{"embeddable":true,"href":"https:\/\/renatopenzes.hu\/en\/wp-json\/wp\/v2\/users\/1"}],"replies":[{"embeddable":true,"href":"https:\/\/renatopenzes.hu\/en\/wp-json\/wp\/v2\/comments?post=448"}],"version-history":[{"count":12,"href":"https:\/\/renatopenzes.hu\/en\/wp-json\/wp\/v2\/pages\/448\/revisions"}],"predecessor-version":[{"id":2376,"href":"https:\/\/renatopenzes.hu\/en\/wp-json\/wp\/v2\/pages\/448\/revisions\/2376"}],"wp:attachment":[{"href":"https:\/\/renatopenzes.hu\/en\/wp-json\/wp\/v2\/media?parent=448"}],"wp:term":[{"taxonomy":"folder","embeddable":true,"href":"https:\/\/renatopenzes.hu\/en\/wp-json\/wp\/v2\/folder?post=448"}],"curies":[{"name":"wp","href":"https:\/\/api.w.org\/{rel}","templated":true}]}}