{"id":121,"date":"2024-07-18T12:04:52","date_gmt":"2024-07-18T12:04:52","guid":{"rendered":"https:\/\/renatopenzes.hu\/?page_id=121"},"modified":"2026-02-16T14:03:18","modified_gmt":"2026-02-16T14:03:18","slug":"about","status":"publish","type":"page","link":"https:\/\/renatopenzes.hu\/en\/rolam\/","title":{"rendered":"About me"},"content":{"rendered":"<div data-elementor-type=\"wp-page\" data-elementor-id=\"121\" class=\"elementor elementor-121\" data-elementor-post-type=\"page\">\n\t\t\t\t<div class=\"elementor-element elementor-element-6f7df31 e-flex e-con-boxed e-con e-parent\" data-id=\"6f7df31\" data-element_type=\"container\" data-settings=\"{&quot;background_background&quot;:&quot;classic&quot;,&quot;jet_parallax_layout_list&quot;:[]}\">\n\t\t\t\t\t<div class=\"e-con-inner\">\n\t\t<div class=\"elementor-element elementor-element-0be63a5 e-con-full e-flex elementor-invisible e-con e-child\" data-id=\"0be63a5\" data-element_type=\"container\" data-settings=\"{&quot;background_background&quot;:&quot;classic&quot;,&quot;jet_parallax_layout_list&quot;:[],&quot;animation&quot;:&quot;fadeIn&quot;}\">\n\t\t\t\t<div class=\"elementor-element elementor-element-4e99922 elementor-widget elementor-widget-spacer\" data-id=\"4e99922\" data-element_type=\"widget\" data-widget_type=\"spacer.default\">\n\t\t\t\t<div class=\"elementor-widget-container\">\n\t\t\t\t\t\t\t<div class=\"elementor-spacer\">\n\t\t\t<div class=\"elementor-spacer-inner\"><\/div>\n\t\t<\/div>\n\t\t\t\t\t\t<\/div>\n\t\t\t\t<\/div>\n\t\t\t\t<\/div>\n\t\t<div class=\"elementor-element elementor-element-b397c65 e-con-full e-flex e-con e-child\" data-id=\"b397c65\" data-element_type=\"container\" data-settings=\"{&quot;background_background&quot;:&quot;classic&quot;,&quot;jet_parallax_layout_list&quot;:[]}\">\n\t\t\t\t<div class=\"elementor-element elementor-element-880eda8 elementor-invisible elementor-widget elementor-widget-jet-headline\" data-id=\"880eda8\" data-element_type=\"widget\" data-settings=\"{&quot;_animation&quot;:&quot;fadeIn&quot;}\" data-widget_type=\"jet-headline.default\">\n\t\t\t\t<div class=\"elementor-widget-container\">\n\t\t\t\t\t<h2 class=\"jet-headline jet-headline--direction-horizontal\"><span class=\"jet-headline__part jet-headline__first\"><span class=\"jet-headline__label\">SZIA,<\/span><\/span><span class=\"jet-headline__space\">&nbsp;<\/span><span class=\"jet-headline__part jet-headline__second\"><span class=\"jet-headline__label\">I AM A RENATO<\/span><\/span><\/h2>\t\t\t\t<\/div>\n\t\t\t\t<\/div>\n\t\t\t\t<div class=\"elementor-element elementor-element-8e03f25 elementor-widget__width-initial elementor-widget-mobile__width-inherit elementor-invisible elementor-widget elementor-widget-text-editor\" data-id=\"8e03f25\" data-element_type=\"widget\" data-settings=\"{&quot;_animation&quot;:&quot;fadeIn&quot;,&quot;_animation_delay&quot;:300}\" data-widget_type=\"text-editor.default\">\n\t\t\t\t<div class=\"elementor-widget-container\">\n\t\t\t\t\t\t\t\t\tPhotography is my passion. Because I have an amazing respect and love for my \u201cjob\u201d, I work with couples who want not only photos, but also an experience.\t\t\t\t\t\t\t\t<\/div>\n\t\t\t\t<\/div>\n\t\t\t\t<\/div>\n\t\t\t\t\t<\/div>\n\t\t\t\t<\/div>\n\t\t<div class=\"elementor-element elementor-element-ef65b9a e-flex e-con-boxed e-con e-parent\" data-id=\"ef65b9a\" data-element_type=\"container\" data-settings=\"{&quot;jet_parallax_layout_list&quot;:[]}\">\n\t\t\t\t\t<div class=\"e-con-inner\">\n\t\t<div class=\"elementor-element elementor-element-b8c05a4 e-con-full e-flex e-con e-child\" data-id=\"b8c05a4\" data-element_type=\"container\" data-settings=\"{&quot;jet_parallax_layout_list&quot;:[]}\">\n\t\t\t\t<div class=\"elementor-element elementor-element-fc67994 elementor-invisible elementor-widget elementor-widget-image\" data-id=\"fc67994\" data-element_type=\"widget\" data-settings=\"{&quot;_animation&quot;:&quot;fadeIn&quot;,&quot;_animation_delay&quot;:200}\" data-widget_type=\"image.default\">\n\t\t\t\t<div class=\"elementor-widget-container\">\n\t\t\t\t\t\t\t\t\t\t\t\t\t\t\t<img fetchpriority=\"high\" decoding=\"async\" width=\"800\" height=\"534\" src=\"https:\/\/renatopenzes.hu\/wp-content\/uploads\/2026\/02\/DSC05802-1024x683.jpg\" class=\"attachment-large size-large wp-image-2182\" alt=\"dsc05802\" srcset=\"https:\/\/renatopenzes.hu\/wp-content\/uploads\/2026\/02\/DSC05802-1024x683.jpg 1024w, https:\/\/renatopenzes.hu\/wp-content\/uploads\/2026\/02\/DSC05802-300x200.jpg 300w, https:\/\/renatopenzes.hu\/wp-content\/uploads\/2026\/02\/DSC05802-768x512.jpg 768w, https:\/\/renatopenzes.hu\/wp-content\/uploads\/2026\/02\/DSC05802-1536x1024.jpg 1536w, https:\/\/renatopenzes.hu\/wp-content\/uploads\/2026\/02\/DSC05802-2048x1365.jpg 2048w\" sizes=\"(max-width: 800px) 100vw, 800px\" \/>\t\t\t\t\t\t\t\t\t\t\t\t\t\t\t<\/div>\n\t\t\t\t<\/div>\n\t\t\t\t<\/div>\n\t\t<div class=\"elementor-element elementor-element-9796667 e-con-full e-flex e-con e-child\" data-id=\"9796667\" data-element_type=\"container\" data-settings=\"{&quot;jet_parallax_layout_list&quot;:[]}\">\n\t\t\t\t<div class=\"elementor-element elementor-element-4e6b8a1 elementor-invisible elementor-widget elementor-widget-image\" data-id=\"4e6b8a1\" data-element_type=\"widget\" data-settings=\"{&quot;_animation&quot;:&quot;fadeIn&quot;,&quot;_animation_delay&quot;:400}\" data-widget_type=\"image.default\">\n\t\t\t\t<div class=\"elementor-widget-container\">\n\t\t\t\t\t\t\t\t\t\t\t\t\t\t\t<img decoding=\"async\" width=\"800\" height=\"534\" src=\"https:\/\/renatopenzes.hu\/wp-content\/uploads\/2026\/02\/LSK08372-1024x683.jpg\" class=\"attachment-large size-large wp-image-2184\" alt=\"lsk08372\" srcset=\"https:\/\/renatopenzes.hu\/wp-content\/uploads\/2026\/02\/LSK08372-1024x683.jpg 1024w, https:\/\/renatopenzes.hu\/wp-content\/uploads\/2026\/02\/LSK08372-300x200.jpg 300w, https:\/\/renatopenzes.hu\/wp-content\/uploads\/2026\/02\/LSK08372-768x512.jpg 768w, https:\/\/renatopenzes.hu\/wp-content\/uploads\/2026\/02\/LSK08372-1536x1024.jpg 1536w, https:\/\/renatopenzes.hu\/wp-content\/uploads\/2026\/02\/LSK08372-2048x1365.jpg 2048w\" sizes=\"(max-width: 800px) 100vw, 800px\" \/>\t\t\t\t\t\t\t\t\t\t\t\t\t\t\t<\/div>\n\t\t\t\t<\/div>\n\t\t\t\t<\/div>\n\t\t<div class=\"elementor-element elementor-element-026e00f e-con-full e-flex e-con e-child\" data-id=\"026e00f\" data-element_type=\"container\" data-settings=\"{&quot;jet_parallax_layout_list&quot;:[]}\">\n\t\t\t\t<div class=\"elementor-element elementor-element-b30141f elementor-invisible elementor-widget elementor-widget-image\" data-id=\"b30141f\" data-element_type=\"widget\" data-settings=\"{&quot;_animation&quot;:&quot;fadeIn&quot;,&quot;_animation_delay&quot;:600}\" data-widget_type=\"image.default\">\n\t\t\t\t<div class=\"elementor-widget-container\">\n\t\t\t\t\t\t\t\t\t\t\t\t\t\t\t<img decoding=\"async\" width=\"800\" height=\"534\" src=\"https:\/\/renatopenzes.hu\/wp-content\/uploads\/2026\/02\/DSC04812-2-1024x683.jpg\" class=\"attachment-large size-large wp-image-2179\" alt=\"dsc04812 2\" srcset=\"https:\/\/renatopenzes.hu\/wp-content\/uploads\/2026\/02\/DSC04812-2-1024x683.jpg 1024w, https:\/\/renatopenzes.hu\/wp-content\/uploads\/2026\/02\/DSC04812-2-300x200.jpg 300w, https:\/\/renatopenzes.hu\/wp-content\/uploads\/2026\/02\/DSC04812-2-768x512.jpg 768w, https:\/\/renatopenzes.hu\/wp-content\/uploads\/2026\/02\/DSC04812-2-1536x1024.jpg 1536w, https:\/\/renatopenzes.hu\/wp-content\/uploads\/2026\/02\/DSC04812-2-2048x1365.jpg 2048w\" sizes=\"(max-width: 800px) 100vw, 800px\" \/>\t\t\t\t\t\t\t\t\t\t\t\t\t\t\t<\/div>\n\t\t\t\t<\/div>\n\t\t\t\t<\/div>\n\t\t<div class=\"elementor-element elementor-element-cef7bf5 e-con-full e-flex e-con e-child\" data-id=\"cef7bf5\" data-element_type=\"container\" data-settings=\"{&quot;jet_parallax_layout_list&quot;:[]}\">\n\t\t\t\t<div class=\"elementor-element elementor-element-209d0fc elementor-invisible elementor-widget elementor-widget-image\" data-id=\"209d0fc\" data-element_type=\"widget\" data-settings=\"{&quot;_animation&quot;:&quot;fadeIn&quot;,&quot;_animation_delay&quot;:300}\" data-widget_type=\"image.default\">\n\t\t\t\t<div class=\"elementor-widget-container\">\n\t\t\t\t\t\t\t\t\t\t\t\t\t\t\t<img loading=\"lazy\" decoding=\"async\" width=\"800\" height=\"534\" src=\"https:\/\/renatopenzes.hu\/wp-content\/uploads\/2026\/02\/DSC05927-1024x683.jpg\" class=\"attachment-large size-large wp-image-2183\" alt=\"dsc05927\" srcset=\"https:\/\/renatopenzes.hu\/wp-content\/uploads\/2026\/02\/DSC05927-1024x683.jpg 1024w, https:\/\/renatopenzes.hu\/wp-content\/uploads\/2026\/02\/DSC05927-300x200.jpg 300w, https:\/\/renatopenzes.hu\/wp-content\/uploads\/2026\/02\/DSC05927-768x512.jpg 768w, https:\/\/renatopenzes.hu\/wp-content\/uploads\/2026\/02\/DSC05927-1536x1024.jpg 1536w, https:\/\/renatopenzes.hu\/wp-content\/uploads\/2026\/02\/DSC05927-2048x1365.jpg 2048w\" sizes=\"(max-width: 800px) 100vw, 800px\" \/>\t\t\t\t\t\t\t\t\t\t\t\t\t\t\t<\/div>\n\t\t\t\t<\/div>\n\t\t\t\t<\/div>\n\t\t<div class=\"elementor-element elementor-element-3476b94 e-con-full animated-slow e-flex elementor-invisible e-con e-child\" data-id=\"3476b94\" data-element_type=\"container\" data-settings=\"{&quot;jet_parallax_layout_list&quot;:[],&quot;animation&quot;:&quot;fadeIn&quot;,&quot;animation_delay&quot;:80}\">\n\t\t\t\t<div class=\"elementor-element elementor-element-de76bff elementor-widget__width-initial elementor-widget-mobile__width-inherit elementor-widget elementor-widget-text-editor\" data-id=\"de76bff\" data-element_type=\"widget\" data-widget_type=\"text-editor.default\">\n\t\t\t\t<div class=\"elementor-widget-container\">\n\t\t\t\t\t\t\t\t\t<p><span style=\"font-weight: 400;\">Before working together, I always take time to connect with every couple, either through a video call or in person. Instead of sending generic offers, I create a personalized proposal based on your vision and expectations.<\/span><\/p>\n<p><span style=\"font-weight: 400;\">P\u00e1rommal rengeteget utazunk, ez a k\u00f6z\u00f6s szenved\u00e9ly\u00fcnk, \u00e9s \u00fagy \u00e9rzem, minden egyes utaz\u00e1ssal egyre k\u00f6zelebb ker\u00fcl\u00f6k a val\u00f3di \u00e9nemhez, egyre jobban ismerem meg \u00e9n is saj\u00e1t magam.<\/span><\/p><p><span style=\"font-weight: 400;\">For me, the most important part of our collaboration is trust and genuine connection. When you feel comfortable in front of my camera, the most honest and natural moments can unfold. Travel and creativity shape the way I see the world. Although I spent many years dancing professionally, photography, especially wedding photography  has become the artistic language through which I tell stories today.<\/span><\/p><p><span style=\"font-weight: 400;\">My goal is simple: to create images that feel natural, timeless, and truly yours.<\/span><span style=\"font-weight: 400;\"><br><\/span><\/p>\t\t\t\t\t\t\t\t<\/div>\n\t\t\t\t<\/div>\n\t\t\t\t<\/div>\n\t\t<div class=\"elementor-element elementor-element-e1b9bec e-con-full e-flex e-con e-child\" data-id=\"e1b9bec\" data-element_type=\"container\" data-settings=\"{&quot;jet_parallax_layout_list&quot;:[]}\">\n\t\t\t\t<div class=\"elementor-element elementor-element-a72c569 elementor-invisible elementor-widget elementor-widget-image\" data-id=\"a72c569\" data-element_type=\"widget\" data-settings=\"{&quot;_animation&quot;:&quot;fadeIn&quot;,&quot;_animation_delay&quot;:400}\" data-widget_type=\"image.default\">\n\t\t\t\t<div class=\"elementor-widget-container\">\n\t\t\t\t\t\t\t\t\t\t\t\t\t\t\t<img loading=\"lazy\" decoding=\"async\" width=\"683\" height=\"1024\" src=\"https:\/\/renatopenzes.hu\/wp-content\/uploads\/2026\/02\/DSC09466-683x1024.jpg\" class=\"attachment-large size-large wp-image-2185\" alt=\"dsc09466\" srcset=\"https:\/\/renatopenzes.hu\/wp-content\/uploads\/2026\/02\/DSC09466-683x1024.jpg 683w, https:\/\/renatopenzes.hu\/wp-content\/uploads\/2026\/02\/DSC09466-200x300.jpg 200w, https:\/\/renatopenzes.hu\/wp-content\/uploads\/2026\/02\/DSC09466-768x1152.jpg 768w, https:\/\/renatopenzes.hu\/wp-content\/uploads\/2026\/02\/DSC09466-1024x1536.jpg 1024w, https:\/\/renatopenzes.hu\/wp-content\/uploads\/2026\/02\/DSC09466-1365x2048.jpg 1365w, https:\/\/renatopenzes.hu\/wp-content\/uploads\/2026\/02\/DSC09466-scaled.jpg 1707w\" sizes=\"(max-width: 683px) 100vw, 683px\" \/>\t\t\t\t\t\t\t\t\t\t\t\t\t\t\t<\/div>\n\t\t\t\t<\/div>\n\t\t\t\t<\/div>\n\t\t<div class=\"elementor-element elementor-element-b041b4c e-con-full e-flex e-con e-child\" data-id=\"b041b4c\" data-element_type=\"container\" data-settings=\"{&quot;jet_parallax_layout_list&quot;:[]}\">\n\t\t\t\t<div class=\"elementor-element elementor-element-a1bc82f elementor-invisible elementor-widget elementor-widget-image\" data-id=\"a1bc82f\" data-element_type=\"widget\" data-settings=\"{&quot;_animation&quot;:&quot;fadeIn&quot;,&quot;_animation_delay&quot;:400}\" data-widget_type=\"image.default\">\n\t\t\t\t<div class=\"elementor-widget-container\">\n\t\t\t\t\t\t\t\t\t\t\t\t\t\t\t<img loading=\"lazy\" decoding=\"async\" width=\"800\" height=\"534\" src=\"https:\/\/renatopenzes.hu\/wp-content\/uploads\/2026\/02\/DSC09372-1-1024x683.jpg\" class=\"attachment-large size-large wp-image-2252\" alt=\"dsc09372 (1)\" srcset=\"https:\/\/renatopenzes.hu\/wp-content\/uploads\/2026\/02\/DSC09372-1-1024x683.jpg 1024w, https:\/\/renatopenzes.hu\/wp-content\/uploads\/2026\/02\/DSC09372-1-300x200.jpg 300w, https:\/\/renatopenzes.hu\/wp-content\/uploads\/2026\/02\/DSC09372-1-768x512.jpg 768w, https:\/\/renatopenzes.hu\/wp-content\/uploads\/2026\/02\/DSC09372-1-1536x1024.jpg 1536w, https:\/\/renatopenzes.hu\/wp-content\/uploads\/2026\/02\/DSC09372-1-2048x1365.jpg 2048w\" sizes=\"(max-width: 800px) 100vw, 800px\" \/>\t\t\t\t\t\t\t\t\t\t\t\t\t\t\t<\/div>\n\t\t\t\t<\/div>\n\t\t\t\t<\/div>\n\t\t<div class=\"elementor-element elementor-element-8067693 e-con-full e-flex e-con e-child\" data-id=\"8067693\" data-element_type=\"container\" data-settings=\"{&quot;jet_parallax_layout_list&quot;:[]}\">\n\t\t\t\t<div class=\"elementor-element elementor-element-acc31f7 elementor-invisible elementor-widget elementor-widget-image\" data-id=\"acc31f7\" data-element_type=\"widget\" data-settings=\"{&quot;_animation&quot;:&quot;fadeIn&quot;,&quot;_animation_delay&quot;:400}\" data-widget_type=\"image.default\">\n\t\t\t\t<div class=\"elementor-widget-container\">\n\t\t\t\t\t\t\t\t\t\t\t\t\t\t\t<img loading=\"lazy\" decoding=\"async\" width=\"800\" height=\"534\" src=\"https:\/\/renatopenzes.hu\/wp-content\/uploads\/2026\/02\/DSC04625-2-1-1-1024x683.jpg\" class=\"attachment-large size-large wp-image-2254\" alt=\"dsc04625 2 (1) (1)\" srcset=\"https:\/\/renatopenzes.hu\/wp-content\/uploads\/2026\/02\/DSC04625-2-1-1-1024x683.jpg 1024w, https:\/\/renatopenzes.hu\/wp-content\/uploads\/2026\/02\/DSC04625-2-1-1-300x200.jpg 300w, https:\/\/renatopenzes.hu\/wp-content\/uploads\/2026\/02\/DSC04625-2-1-1-768x512.jpg 768w, https:\/\/renatopenzes.hu\/wp-content\/uploads\/2026\/02\/DSC04625-2-1-1-1536x1024.jpg 1536w, https:\/\/renatopenzes.hu\/wp-content\/uploads\/2026\/02\/DSC04625-2-1-1-2048x1365.jpg 2048w\" sizes=\"(max-width: 800px) 100vw, 800px\" \/>\t\t\t\t\t\t\t\t\t\t\t\t\t\t\t<\/div>\n\t\t\t\t<\/div>\n\t\t\t\t<\/div>\n\t\t\t\t\t<\/div>\n\t\t\t\t<\/div>\n\t\t\t\t<\/div>","protected":false},"excerpt":{"rendered":"<p>SZIA,&nbsp;REN\u00c1T\u00d3 VAGYOK A fot\u00f3z\u00e1s a szenved\u00e9lyem. Mivel elk\u00e9peszt\u0151en tisztelem \u00e9s szeretem a \u201cmunk\u00e1m\u201d, ez\u00e9rt olyan p\u00e1rokkal dolgozom egy\u00fctt, akik nem csak fot\u00f3kat szeretn\u00e9nek, hanem \u00e9lm\u00e9nyt is. Minden p\u00e1rral el\u0151sz\u00f6r vide\u00f3h\u00edv\u00e1sban, vagy szem\u00e9lyesen besz\u00e9lek. T\u0151lem nem aj\u00e1nlat sablonokat fogsz kapni, hanem szem\u00e9lyreszabott aj\u00e1nlatot az ig\u00e9nyeid \u00e9s v\u00e1gyaid alapj\u00e1n. A legfontosabb sz\u00e1momra, hogy k\u00f6lcs\u00f6n\u00f6s \u00e9rt\u00e9keket k\u00e9pviselj\u00fcnk \u00e9s [&hellip;]<\/p>\n","protected":false},"author":1,"featured_media":0,"parent":0,"menu_order":0,"comment_status":"closed","ping_status":"closed","template":"","meta":{"_seopress_robots_primary_cat":"","_seopress_titles_title":"R\u00f3lam %%sep%% P\u00e9nzes Ren\u00e1t\u00f3 esk\u00fcv\u0151i fot\u00f3s","_seopress_titles_desc":"Ismerd meg t\u00f6rt\u00e9netemet \u00e9s azt, hogyan lett az esk\u00fcv\u0151i fot\u00f3z\u00e1s szenved\u00e9lyem \u00e9s hivat\u00e1som.","_seopress_robots_index":"","footnotes":""},"folder":[],"class_list":["post-121","page","type-page","status-publish","hentry"],"_links":{"self":[{"href":"https:\/\/renatopenzes.hu\/en\/wp-json\/wp\/v2\/pages\/121","targetHints":{"allow":["GET"]}}],"collection":[{"href":"https:\/\/renatopenzes.hu\/en\/wp-json\/wp\/v2\/pages"}],"about":[{"href":"https:\/\/renatopenzes.hu\/en\/wp-json\/wp\/v2\/types\/page"}],"author":[{"embeddable":true,"href":"https:\/\/renatopenzes.hu\/en\/wp-json\/wp\/v2\/users\/1"}],"replies":[{"embeddable":true,"href":"https:\/\/renatopenzes.hu\/en\/wp-json\/wp\/v2\/comments?post=121"}],"version-history":[{"count":108,"href":"https:\/\/renatopenzes.hu\/en\/wp-json\/wp\/v2\/pages\/121\/revisions"}],"predecessor-version":[{"id":2274,"href":"https:\/\/renatopenzes.hu\/en\/wp-json\/wp\/v2\/pages\/121\/revisions\/2274"}],"wp:attachment":[{"href":"https:\/\/renatopenzes.hu\/en\/wp-json\/wp\/v2\/media?parent=121"}],"wp:term":[{"taxonomy":"folder","embeddable":true,"href":"https:\/\/renatopenzes.hu\/en\/wp-json\/wp\/v2\/folder?post=121"}],"curies":[{"name":"wp","href":"https:\/\/api.w.org\/{rel}","templated":true}]}}