{"id":1025,"date":"2024-08-22T10:59:17","date_gmt":"2024-08-22T10:59:17","guid":{"rendered":"https:\/\/renatopenzes.hu\/?page_id=1025"},"modified":"2024-08-22T11:09:55","modified_gmt":"2024-08-22T11:09:55","slug":"data-element","status":"publish","type":"page","link":"https:\/\/renatopenzes.hu\/en\/adatvedelem\/","title":{"rendered":"Data protection"},"content":{"rendered":"<div data-elementor-type=\"wp-page\" data-elementor-id=\"1025\" class=\"elementor elementor-1025\" data-elementor-post-type=\"page\">\n\t\t\t\t<div class=\"elementor-element elementor-element-b516b7a e-flex e-con-boxed e-con e-parent\" data-id=\"b516b7a\" data-element_type=\"container\" data-settings=\"{&quot;jet_parallax_layout_list&quot;:[]}\">\n\t\t\t\t\t<div class=\"e-con-inner\">\n\t\t\t\t<div class=\"elementor-element elementor-element-467b8b6 elementor-invisible elementor-widget elementor-widget-heading\" data-id=\"467b8b6\" data-element_type=\"widget\" data-settings=\"{&quot;_animation&quot;:&quot;fadeInUp&quot;}\" data-widget_type=\"heading.default\">\n\t\t\t\t<div class=\"elementor-widget-container\">\n\t\t\t\t\t<h1 class=\"elementor-heading-title elementor-size-default\">PRIVACY STATEMENT<\/h1>\t\t\t\t<\/div>\n\t\t\t\t<\/div>\n\t\t\t\t\t<\/div>\n\t\t\t\t<\/div>\n\t\t<div class=\"elementor-element elementor-element-2c9c4e1 e-flex e-con-boxed e-con e-parent\" data-id=\"2c9c4e1\" data-element_type=\"container\" data-settings=\"{&quot;jet_parallax_layout_list&quot;:[]}\">\n\t\t\t\t\t<div class=\"e-con-inner\">\n\t\t<div class=\"elementor-element elementor-element-646ed37 e-con-full e-flex e-con e-child\" data-id=\"646ed37\" data-element_type=\"container\" data-settings=\"{&quot;jet_parallax_layout_list&quot;:[]}\">\n\t\t\t\t<div class=\"elementor-element elementor-element-1378a81 elementor-invisible elementor-widget elementor-widget-text-editor\" data-id=\"1378a81\" data-element_type=\"widget\" data-settings=\"{&quot;_animation&quot;:&quot;fadeIn&quot;,&quot;_animation_delay&quot;:300}\" data-widget_type=\"text-editor.default\">\n\t\t\t\t<div class=\"elementor-widget-container\">\n\t\t\t\t\t\t\t\t\t<p>\u00a0<\/p><p>Name and contact details of the controller:<\/p><ul><li>Name: Ren\u00e1t\u00f3 P\u00e9nzes<\/li><li>Phone number: +36 30 295 5950<\/li><li>E-mail: info@renatopenzes.hu<\/li><\/ul><p>\u00a0<\/p><p><strong>Purpose of the processing:<\/strong><\/p><p>The personal data provided through the contact form will be processed by Ren\u00e1t\u00f3 P\u00e9nzes wedding photographer solely for the purpose of contacting you, for example to respond to your request for a quote or other requests for information.<\/p><p><strong>Legal basis for processing:<\/strong><\/p><p>The legal basis for data processing is the voluntary consent of the user. The processing of the data provided during the contact process is based on the user's voluntary consent, which is given by filling in the contact form.<\/p><p>Scope of data processed:<\/p><p>- Your name <br \/>- E-mail address <br \/>- Phone number<br \/>- Wedding venue<br \/>- Wedding date<br \/>- Indicative budget<br \/>- Message content<\/p><p><strong>Data storage time:<\/strong><\/p><p>The personal data you provide will be stored by Renato P\u00e9nzes only until you contact us. After the contact is completed, the data will be deleted.<\/p><p><strong>Data transfer to third parties:<\/strong><\/p><p>Your personal data will not be transferred to third parties. The data collected on this website will be used by Renato P\u00e9nzes exclusively for its own purposes and will not be transferred to external service providers.<\/p><p><strong>Data security:<\/strong><\/p><p>We use SSL encryption on the website to ensure that the personal information you provide is secure. The SSL certificate ensures that communications are secure and encrypted.<\/p><p><strong>Rights of data subjects:<\/strong><\/p><p>You have the right:<br \/>- Access your managed data.<br \/>- Ask for them to be corrected if they are incorrect or inaccurate.<br \/>- Request the deletion of your data. You can make this request by sending an e-mail to info@renatopenzes.hu.<br \/>- Restrict data processing.<br \/>- Object to data processing.<\/p><p>In the event of a request to delete or rectify data, we will provide a response within 30 days.<\/p><p><strong>Use of cookies:<\/strong><\/p><p>We use cookies on this website to improve your user experience. These include Facebook Pixel and Google Analytics, which are used to collect visitor and statistical data.<\/p><p>- Google Analytics: this cookie helps us understand how visitors use the website. Google Analytics collects anonymised data that we use to generate statistics.<br \/>- Facebook Pixel: this service is used for marketing purposes. Facebook Pixel is used to display personalised ads to users on Facebook.<\/p><p>These cookies do not collect personally identifiable information and the data is used for statistical purposes only.<\/p><p><strong>Possibility to complain:<\/strong><\/p><p>If you feel your rights have been violated, you can complain to the National Authority for Data Protection and Freedom of Information (NAIH):<\/p><p>- Address: 1055 Budapest, Falk Miksa utca 9-11. <br \/>- Phone number: +36 (1) 391-1400 <br \/>- E-mail: ugyfelszolgalat@naih.hu <br \/>- Website: www.naih.hu<\/p>\t\t\t\t\t\t\t\t<\/div>\n\t\t\t\t<\/div>\n\t\t\t\t<\/div>\n\t\t<div class=\"elementor-element elementor-element-f7972c7 e-con-full e-flex e-con e-child\" data-id=\"f7972c7\" data-element_type=\"container\" data-settings=\"{&quot;jet_parallax_layout_list&quot;:[]}\">\n\t\t\t\t<\/div>\n\t\t\t\t\t<\/div>\n\t\t\t\t<\/div>\n\t\t\t\t<\/div>","protected":false},"excerpt":{"rendered":"<p>ADATV\u00c9DELMI NYILATKOZAT \u00a0 Az adatkezel\u0151 neve \u00e9s el\u00e9rhet\u0151s\u00e9ge: N\u00e9v: P\u00e9nzes Ren\u00e1t\u00f3 Telefonsz\u00e1m: +36 30 295 5950 E-mail: info@renatopenzes.hu \u00a0 Az adatkezel\u00e9s c\u00e9lja: A kapcsolatfelv\u00e9teli \u0171rlapon kereszt\u00fcl megadott szem\u00e9lyes adatokat P\u00e9nzes Ren\u00e1t\u00f3 esk\u00fcv\u0151i fot\u00f3s kiz\u00e1r\u00f3lag a kapcsolatfelv\u00e9tel c\u00e9lj\u00e1b\u00f3l kezeli, p\u00e9ld\u00e1ul aj\u00e1nlatk\u00e9r\u00e9sre vagy egy\u00e9b inform\u00e1ci\u00f3k\u00e9r\u00e9sekre t\u00f6rt\u00e9n\u0151 v\u00e1laszad\u00e1sra. Az adatkezel\u00e9s jogalapja: Az adatkezel\u00e9s jogalapja a felhaszn\u00e1l\u00f3 \u00f6nk\u00e9ntes hozz\u00e1j\u00e1rul\u00e1sa. [&hellip;]<\/p>\n","protected":false},"author":1,"featured_media":0,"parent":0,"menu_order":0,"comment_status":"closed","ping_status":"closed","template":"","meta":{"_seopress_robots_primary_cat":"","_seopress_titles_title":"","_seopress_titles_desc":"","_seopress_robots_index":"","footnotes":""},"folder":[],"class_list":["post-1025","page","type-page","status-publish","hentry"],"_links":{"self":[{"href":"https:\/\/renatopenzes.hu\/en\/wp-json\/wp\/v2\/pages\/1025","targetHints":{"allow":["GET"]}}],"collection":[{"href":"https:\/\/renatopenzes.hu\/en\/wp-json\/wp\/v2\/pages"}],"about":[{"href":"https:\/\/renatopenzes.hu\/en\/wp-json\/wp\/v2\/types\/page"}],"author":[{"embeddable":true,"href":"https:\/\/renatopenzes.hu\/en\/wp-json\/wp\/v2\/users\/1"}],"replies":[{"embeddable":true,"href":"https:\/\/renatopenzes.hu\/en\/wp-json\/wp\/v2\/comments?post=1025"}],"version-history":[{"count":0,"href":"https:\/\/renatopenzes.hu\/en\/wp-json\/wp\/v2\/pages\/1025\/revisions"}],"wp:attachment":[{"href":"https:\/\/renatopenzes.hu\/en\/wp-json\/wp\/v2\/media?parent=1025"}],"wp:term":[{"taxonomy":"folder","embeddable":true,"href":"https:\/\/renatopenzes.hu\/en\/wp-json\/wp\/v2\/folder?post=1025"}],"curies":[{"name":"wp","href":"https:\/\/api.w.org\/{rel}","templated":true}]}}